{"id":8,"date":"2019-01-20T03:27:11","date_gmt":"2019-01-20T02:27:11","guid":{"rendered":"http:\/\/total-sport.fr\/?page_id=8"},"modified":"2019-01-20T10:32:23","modified_gmt":"2019-01-20T14:32:23","slug":"a-propos-de","status":"publish","type":"page","link":"https:\/\/total-sport.fr\/index.php\/a-propos-de\/","title":{"rendered":"\u00c0 propos de"},"content":{"rendered":"<p>Total sport est le fruit des ann\u00e9es de r\u00e9flexion de deux amis, qui souhaitent contribuer surtout \u00e0 la valorisation du sport local et\u00a0 partager aux amoureux du sport, les actualit\u00e9s des activit\u00e9s sportives dans plusieurs domaines de la Guadeloupe.<\/p>\n<p>Joly J\u00e9r\u00f4me dipl\u00f4m\u00e9 d&rsquo;\u00e9tudes de journalisme et footballeur\u00a0 et Donel Dor dipl\u00f4m\u00e9 d&rsquo;\u00e9tude d&rsquo;\u00e9conomie et gestion.<\/p>\n","protected":false},"excerpt":{"rendered":"<div class=\"mh-excerpt\"><p>Total sport est le fruit des ann\u00e9es de r\u00e9flexion de deux amis, qui souhaitent contribuer surtout \u00e0 la valorisation du sport local et\u00a0 partager aux <a class=\"mh-excerpt-more\" href=\"https:\/\/total-sport.fr\/index.php\/a-propos-de\/\" title=\"\u00c0 propos de\">[&#8230;]<\/a><\/p>\n<\/div>","protected":false},"author":1,"featured_media":0,"parent":0,"menu_order":0,"comment_status":"closed","ping_status":"closed","template":"","meta":{"jetpack_post_was_ever_published":false,"footnotes":""},"class_list":["post-8","page","type-page","status-publish","hentry"],"yoast_head":"<!-- This site is optimized with the Yoast SEO plugin v24.9 - https:\/\/yoast.com\/wordpress\/plugins\/seo\/ -->\n<title>\u00c0 propos de - Total Sports International (TSI)<\/title>\n<meta name=\"robots\" content=\"index, follow, max-snippet:-1, max-image-preview:large, max-video-preview:-1\" \/>\n<link rel=\"canonical\" href=\"https:\/\/total-sport.fr\/index.php\/a-propos-de\/\" \/>\n<meta property=\"og:locale\" content=\"fr_FR\" \/>\n<meta property=\"og:type\" content=\"article\" \/>\n<meta property=\"og:title\" content=\"\u00c0 propos de - Total Sports International (TSI)\" \/>\n<meta property=\"og:description\" content=\"Total sport est le fruit des ann\u00e9es de r\u00e9flexion de deux amis, qui souhaitent contribuer surtout \u00e0 la valorisation du sport local et\u00a0 partager aux [...]\" \/>\n<meta property=\"og:url\" content=\"https:\/\/total-sport.fr\/index.php\/a-propos-de\/\" \/>\n<meta property=\"og:site_name\" content=\"Total Sports International (TSI)\" \/>\n<meta property=\"article:modified_time\" content=\"2019-01-20T14:32:23+00:00\" \/>\n<meta name=\"twitter:card\" content=\"summary_large_image\" \/>\n<script type=\"application\/ld+json\" class=\"yoast-schema-graph\">{\"@context\":\"https:\/\/schema.org\",\"@graph\":[{\"@type\":\"WebPage\",\"@id\":\"https:\/\/total-sport.fr\/index.php\/a-propos-de\/\",\"url\":\"https:\/\/total-sport.fr\/index.php\/a-propos-de\/\",\"name\":\"\u00c0 propos de - Total Sports International (TSI)\",\"isPartOf\":{\"@id\":\"https:\/\/total-sport.fr\/#website\"},\"datePublished\":\"2019-01-20T02:27:11+00:00\",\"dateModified\":\"2019-01-20T14:32:23+00:00\",\"breadcrumb\":{\"@id\":\"https:\/\/total-sport.fr\/index.php\/a-propos-de\/#breadcrumb\"},\"inLanguage\":\"fr-FR\",\"potentialAction\":[{\"@type\":\"ReadAction\",\"target\":[\"https:\/\/total-sport.fr\/index.php\/a-propos-de\/\"]}]},{\"@type\":\"BreadcrumbList\",\"@id\":\"https:\/\/total-sport.fr\/index.php\/a-propos-de\/#breadcrumb\",\"itemListElement\":[{\"@type\":\"ListItem\",\"position\":1,\"name\":\"Accueil\",\"item\":\"https:\/\/total-sport.fr\/\"},{\"@type\":\"ListItem\",\"position\":2,\"name\":\"\u00c0 propos de\"}]},{\"@type\":\"WebSite\",\"@id\":\"https:\/\/total-sport.fr\/#website\",\"url\":\"https:\/\/total-sport.fr\/\",\"name\":\"Total Sports International (TSI)\",\"description\":\"vous informer est notre priorit\u00e9, 7 jours sur 7 avec toujours le m\u00eame professionnalisme\",\"potentialAction\":[{\"@type\":\"SearchAction\",\"target\":{\"@type\":\"EntryPoint\",\"urlTemplate\":\"https:\/\/total-sport.fr\/?s={search_term_string}\"},\"query-input\":{\"@type\":\"PropertyValueSpecification\",\"valueRequired\":true,\"valueName\":\"search_term_string\"}}],\"inLanguage\":\"fr-FR\"}]}<\/script>\n<!-- \/ Yoast SEO plugin. -->","yoast_head_json":{"title":"\u00c0 propos de - Total Sports International (TSI)","robots":{"index":"index","follow":"follow","max-snippet":"max-snippet:-1","max-image-preview":"max-image-preview:large","max-video-preview":"max-video-preview:-1"},"canonical":"https:\/\/total-sport.fr\/index.php\/a-propos-de\/","og_locale":"fr_FR","og_type":"article","og_title":"\u00c0 propos de - Total Sports International (TSI)","og_description":"Total sport est le fruit des ann\u00e9es de r\u00e9flexion de deux amis, qui souhaitent contribuer surtout \u00e0 la valorisation du sport local et\u00a0 partager aux [...]","og_url":"https:\/\/total-sport.fr\/index.php\/a-propos-de\/","og_site_name":"Total Sports International (TSI)","article_modified_time":"2019-01-20T14:32:23+00:00","twitter_card":"summary_large_image","schema":{"@context":"https:\/\/schema.org","@graph":[{"@type":"WebPage","@id":"https:\/\/total-sport.fr\/index.php\/a-propos-de\/","url":"https:\/\/total-sport.fr\/index.php\/a-propos-de\/","name":"\u00c0 propos de - Total Sports International (TSI)","isPartOf":{"@id":"https:\/\/total-sport.fr\/#website"},"datePublished":"2019-01-20T02:27:11+00:00","dateModified":"2019-01-20T14:32:23+00:00","breadcrumb":{"@id":"https:\/\/total-sport.fr\/index.php\/a-propos-de\/#breadcrumb"},"inLanguage":"fr-FR","potentialAction":[{"@type":"ReadAction","target":["https:\/\/total-sport.fr\/index.php\/a-propos-de\/"]}]},{"@type":"BreadcrumbList","@id":"https:\/\/total-sport.fr\/index.php\/a-propos-de\/#breadcrumb","itemListElement":[{"@type":"ListItem","position":1,"name":"Accueil","item":"https:\/\/total-sport.fr\/"},{"@type":"ListItem","position":2,"name":"\u00c0 propos de"}]},{"@type":"WebSite","@id":"https:\/\/total-sport.fr\/#website","url":"https:\/\/total-sport.fr\/","name":"Total Sports International (TSI)","description":"vous informer est notre priorit\u00e9, 7 jours sur 7 avec toujours le m\u00eame professionnalisme","potentialAction":[{"@type":"SearchAction","target":{"@type":"EntryPoint","urlTemplate":"https:\/\/total-sport.fr\/?s={search_term_string}"},"query-input":{"@type":"PropertyValueSpecification","valueRequired":true,"valueName":"search_term_string"}}],"inLanguage":"fr-FR"}]}},"jetpack_sharing_enabled":true,"jetpack_shortlink":"https:\/\/wp.me\/PaF0J8-8","jetpack-related-posts":[{"id":10,"url":"https:\/\/total-sport.fr\/index.php\/blog\/","url_meta":{"origin":8,"position":0},"title":"Blog","author":"Dor Donel","date":"20 janvier 2019","format":false,"excerpt":"","rel":"","context":"Article similaire","block_context":{"text":"Article similaire","link":""},"img":{"alt_text":"","src":"https:\/\/i0.wp.com\/total-sport.fr\/wp-content\/uploads\/2019\/01\/coffee.jpg?fit=1200%2C720&ssl=1&resize=350%2C200","width":350,"height":200,"srcset":"https:\/\/i0.wp.com\/total-sport.fr\/wp-content\/uploads\/2019\/01\/coffee.jpg?fit=1200%2C720&ssl=1&resize=350%2C200 1x, https:\/\/i0.wp.com\/total-sport.fr\/wp-content\/uploads\/2019\/01\/coffee.jpg?fit=1200%2C720&ssl=1&resize=525%2C300 1.5x, https:\/\/i0.wp.com\/total-sport.fr\/wp-content\/uploads\/2019\/01\/coffee.jpg?fit=1200%2C720&ssl=1&resize=700%2C400 2x, https:\/\/i0.wp.com\/total-sport.fr\/wp-content\/uploads\/2019\/01\/coffee.jpg?fit=1200%2C720&ssl=1&resize=1050%2C600 3x"},"classes":[]},{"id":13,"url":"https:\/\/total-sport.fr\/index.php\/football\/","url_meta":{"origin":8,"position":1},"title":"Football","author":"Dor Donel","date":"20 janvier 2019","format":false,"excerpt":"","rel":"","context":"Article similaire","block_context":{"text":"Article similaire","link":""},"img":{"alt_text":"","src":"","width":0,"height":0},"classes":[]},{"id":4802,"url":"https:\/\/total-sport.fr\/index.php\/buy-adspace\/","url_meta":{"origin":8,"position":2},"title":"Buy Adspace","author":"shanabenavidez","date":"8 novembre 2024","format":false,"excerpt":"","rel":"","context":"Article similaire","block_context":{"text":"Article similaire","link":""},"img":{"alt_text":"","src":"","width":0,"height":0},"classes":[]},{"id":4808,"url":"https:\/\/total-sport.fr\/index.php\/disable-ads\/","url_meta":{"origin":8,"position":3},"title":"Hide Ads for Premium Members","author":"Joly JEROME","date":"11 f\u00e9vrier 2025","format":false,"excerpt":"[quads_disable_ads_form]","rel":"","context":"Article similaire","block_context":{"text":"Article similaire","link":""},"img":{"alt_text":"","src":"","width":0,"height":0},"classes":[]}],"jetpack_likes_enabled":true,"_links":{"self":[{"href":"https:\/\/total-sport.fr\/index.php\/wp-json\/wp\/v2\/pages\/8","targetHints":{"allow":["GET"]}}],"collection":[{"href":"https:\/\/total-sport.fr\/index.php\/wp-json\/wp\/v2\/pages"}],"about":[{"href":"https:\/\/total-sport.fr\/index.php\/wp-json\/wp\/v2\/types\/page"}],"author":[{"embeddable":true,"href":"https:\/\/total-sport.fr\/index.php\/wp-json\/wp\/v2\/users\/1"}],"replies":[{"embeddable":true,"href":"https:\/\/total-sport.fr\/index.php\/wp-json\/wp\/v2\/comments?post=8"}],"version-history":[{"count":2,"href":"https:\/\/total-sport.fr\/index.php\/wp-json\/wp\/v2\/pages\/8\/revisions"}],"predecessor-version":[{"id":65,"href":"https:\/\/total-sport.fr\/index.php\/wp-json\/wp\/v2\/pages\/8\/revisions\/65"}],"wp:attachment":[{"href":"https:\/\/total-sport.fr\/index.php\/wp-json\/wp\/v2\/media?parent=8"}],"curies":[{"name":"wp","href":"https:\/\/api.w.org\/{rel}","templated":true}]}}